{"id":382,"date":"2025-10-06T03:26:52","date_gmt":"2025-10-06T03:26:52","guid":{"rendered":"https:\/\/csstecaprint.com\/?page_id=382"},"modified":"2025-10-16T12:33:52","modified_gmt":"2025-10-16T12:33:52","slug":"scheda-tpx302","status":"publish","type":"page","link":"https:\/\/csstecaprint.com\/?page_id=382","title":{"rendered":"Scheda TPX302"},"content":{"rendered":"<p>[et_pb_section fb_built=&#8221;1&#8243; admin_label=&#8221;Header&#8221; _builder_version=&#8221;4.16&#8243; use_background_color_gradient=&#8221;on&#8221; background_color_gradient_direction=&#8221;160deg&#8221; background_color_gradient_stops=&#8221;#ffffff 0%|#dbf0fc 100%&#8221; background_color_gradient_start=&#8221;#ffffff&#8221; background_color_gradient_end=&#8221;#dbf0fc&#8221; overflow-x=&#8221;hidden&#8221; overflow-y=&#8221;hidden&#8221; custom_margin=&#8221;||||false|false&#8221; custom_padding=&#8221;||||false|false&#8221; bottom_divider_style=&#8221;slant&#8221; bottom_divider_color=&#8221;#ffffff&#8221; bottom_divider_height=&#8221;50vw&#8221; bottom_divider_flip=&#8221;horizontal&#8221; locked=&#8221;off&#8221; global_colors_info=&#8221;{}&#8221;][et_pb_row column_structure=&#8221;1_2,1_2&#8243; admin_label=&#8221;Titolo prodotto&#8221; _builder_version=&#8221;4.16&#8243; collapsed=&#8221;off&#8221; global_colors_info=&#8221;{}&#8221;][et_pb_column type=&#8221;1_2&#8243; _builder_version=&#8221;4.16&#8243; global_colors_info=&#8221;{}&#8221;][et_pb_text _builder_version=&#8221;4.27.4&#8243; header_font=&#8221;Heebo|300|||||||&#8221; header_text_color=&#8221;#0a2d61&#8243; header_font_size=&#8221;110px&#8221; width=&#8221;100%&#8221; custom_margin=&#8221;|269px||||&#8221; header_font_size_tablet=&#8221;70px&#8221; header_font_size_phone=&#8221;36px&#8221; header_font_size_last_edited=&#8221;on|phone&#8221; locked=&#8221;off&#8221; global_colors_info=&#8221;{}&#8221;]<\/p>\n<div class=\"nectar-gradient-text\" data-direction=\"horizontal\" data-color=\"extra-color-gradient-1\">\n<h1>TPX 302<\/h1>\n<\/div>\n<div class=\"wpb_text_column wpb_content_element  vc_custom_1701713452435\">\n<div class=\"wpb_wrapper\">\n<h4><strong>Con movimento laterale della tazza \u2013 ideale per immagini stampate allungate.<br \/><\/strong><\/h4>\n<\/div>\n<\/div>\n<p>[\/et_pb_text][\/et_pb_column][et_pb_column type=&#8221;1_2&#8243; _builder_version=&#8221;4.16&#8243; global_colors_info=&#8221;{}&#8221;][\/et_pb_column][\/et_pb_row][et_pb_row column_structure=&#8221;1_2,1_2&#8243; use_custom_gutter=&#8221;on&#8221; gutter_width=&#8221;4&#8243; make_equal=&#8221;on&#8221; custom_padding_last_edited=&#8221;on|tablet&#8221; admin_label=&#8221;Descrizione&#8221; _builder_version=&#8221;4.27.4&#8243; background_color=&#8221;#ffffff&#8221; overflow-x=&#8221;visible&#8221; overflow-y=&#8221;visible&#8221; custom_margin=&#8221;|||||false&#8221; custom_padding=&#8221;80px|60px|80px|60px|true|true&#8221; custom_padding_tablet=&#8221;&#8221; custom_padding_phone=&#8221;30px|20px|30px|20px|true|true&#8221; box_shadow_style=&#8221;preset3&#8243; box_shadow_vertical=&#8221;26px&#8221; box_shadow_blur=&#8221;90px&#8221; box_shadow_spread=&#8221;-14px&#8221; box_shadow_color=&#8221;rgba(0,71,214,0.18)&#8221; locked=&#8221;off&#8221; global_colors_info=&#8221;{}&#8221; box_shadow_vertical__hover=&#8221;10px&#8221; box_shadow_vertical__hover_enabled=&#8221;off&#8221; box_shadow_blur__hover=&#8221;20px&#8221; box_shadow_blur__hover_enabled=&#8221;off&#8221; box_shadow_color__hover=&#8221;#2585b2&#8243;][et_pb_column type=&#8221;1_2&#8243; _builder_version=&#8221;4.16&#8243; custom_padding_tablet=&#8221;0px||||false|false&#8221; custom_padding_last_edited=&#8221;off|tablet&#8221; global_colors_info=&#8221;{}&#8221;][et_pb_text _builder_version=&#8221;4.27.4&#8243; text_font=&#8221;||||||||&#8221; text_font_size=&#8221;17px&#8221; text_line_height=&#8221;1.8em&#8221; header_3_font=&#8221;Heebo|800|||||||&#8221; header_3_font_size=&#8221;28px&#8221; header_3_line_height=&#8221;1.2em&#8221; hover_enabled=&#8221;0&#8243; text_font_size_tablet=&#8221;17px&#8221; text_font_size_phone=&#8221;14px&#8221; text_font_size_last_edited=&#8221;on|phone&#8221; header_3_font_tablet=&#8221;Heebo|700|||||||&#8221; header_3_font_phone=&#8221;&#8221; header_3_font_last_edited=&#8221;on|phone&#8221; header_3_font_size_tablet=&#8221;24px&#8221; header_3_font_size_phone=&#8221;18px&#8221; header_3_font_size_last_edited=&#8221;on|phone&#8221; locked=&#8221;off&#8221; global_colors_info=&#8221;{}&#8221; sticky_enabled=&#8221;0&#8243;]<\/p>\n<h3>Caratteristiche<\/h3>\n<ul>\n<li>1 o 2 colori possibili<\/li>\n<li>particolarmente adatta per immagini di stampa allungate<br \/>massima flessibilit\u00e0<\/li>\n<li>controllo servoassistito<\/li>\n<li>sistema di inchiostrazione sigillato con scorrimento laterale della vaschetta dell&#8217;inchiostro<\/li>\n<li>ampia gamma di dispositivi periferici, accessori e opzioni software disponibili<\/li>\n<\/ul>\n<p>La macchina tampografica TPX 302 con sistema di inchiostrazione sigillato e vaschetta dell&#8217;inchiostro a scorrimento laterale \u00e8 azionata da tre servomotori. Ci\u00f2 garantisce un processo di stampa altamente flessibile.<\/p>\n<p>Il funzionamento pu\u00f2 essere controllato tramite il touchscreen a colori di facile utilizzo. Grazie al supporto piastra regolabile sugli assi x e w e alla corsa del tampone, variabile in modo continuo sia in orizzontale che in verticale, la TPX 302 \u00e8 completamente regolabile in tutte le direzioni senza bisogno di dispositivi di regolazione aggiuntivi.<\/p>\n<p>Altre caratteristiche della TPX 302 sono un&#8217;area di lavoro spaziosa e flessibile, una maggiore forza di stampa e un&#8217;elevata precisione di stampa. \u00c8 disponibile un dispositivo di pulizia del tampone integrato che offre il massimo utilizzo del nastro di pulizia grazie alla funzione di offset di pulizia.<\/p>\n<ol><\/ol>\n<p>[\/et_pb_text][\/et_pb_column][et_pb_column type=&#8221;1_2&#8243; _builder_version=&#8221;4.16&#8243; global_colors_info=&#8221;{}&#8221;][et_pb_image src=&#8221;https:\/\/csstecaprint.com\/wp-content\/uploads\/2025\/09\/TPX_302.jpg&#8221; title_text=&#8221;TPX_302&#8243; _builder_version=&#8221;4.27.4&#8243; _module_preset=&#8221;default&#8221; hover_enabled=&#8221;0&#8243; global_colors_info=&#8221;{}&#8221; sticky_enabled=&#8221;0&#8243;][\/et_pb_image][\/et_pb_column][\/et_pb_row][et_pb_row column_structure=&#8221;1_3,1_3,1_3&#8243; admin_label=&#8221;Particolari&#8221; _builder_version=&#8221;4.27.4&#8243; _module_preset=&#8221;default&#8221; global_colors_info=&#8221;{}&#8221;][et_pb_column type=&#8221;1_3&#8243; _builder_version=&#8221;4.27.4&#8243; _module_preset=&#8221;default&#8221; global_colors_info=&#8221;{}&#8221;][et_pb_image src=&#8221;https:\/\/csstecaprint.com\/wp-content\/uploads\/2025\/09\/TPX_302_D1.jpg&#8221; title_text=&#8221;TPX_302_D1&#8243; align=&#8221;center&#8221; _builder_version=&#8221;4.27.4&#8243; _module_preset=&#8221;default&#8221; animation_style=&#8221;zoom&#8221; hover_enabled=&#8221;0&#8243; global_colors_info=&#8221;{}&#8221; sticky_enabled=&#8221;0&#8243;][\/et_pb_image][et_pb_text admin_label=&#8221;Testo&#8221; _builder_version=&#8221;4.27.4&#8243; _module_preset=&#8221;default&#8221; global_colors_info=&#8221;{}&#8221;]<\/p>\n<p>Con il TPX 302, la vaschetta dell&#8217;inchiostro si sposta lateralmente sul clich\u00e9. L&#8217;inchiostro pu\u00f2 cos\u00ec essere distribuito su un&#8217;immagine di stampa molto lunga e raccolto da uno o pi\u00f9 tamponi.<\/p>\n<p>[\/et_pb_text][\/et_pb_column][et_pb_column type=&#8221;1_3&#8243; _builder_version=&#8221;4.27.4&#8243; _module_preset=&#8221;default&#8221; global_colors_info=&#8221;{}&#8221;][et_pb_image src=&#8221;https:\/\/csstecaprint.com\/wp-content\/uploads\/2025\/09\/TPX302_D2.jpg&#8221; title_text=&#8221;TPX302_D2&#8243; align=&#8221;center&#8221; _builder_version=&#8221;4.27.4&#8243; _module_preset=&#8221;default&#8221; hover_enabled=&#8221;0&#8243; global_colors_info=&#8221;{}&#8221; sticky_enabled=&#8221;0&#8243;][\/et_pb_image][et_pb_text _builder_version=&#8221;4.27.4&#8243; _module_preset=&#8221;default&#8221; hover_enabled=&#8221;0&#8243; global_colors_info=&#8221;{}&#8221; sticky_enabled=&#8221;0&#8243;]<\/p>\n<p>I nostri dipendenti lavorano con precisione sulle macchine da stampa tampografica altamente tecnologiche.<\/p>\n<p>[\/et_pb_text][\/et_pb_column][et_pb_column type=&#8221;1_3&#8243; _builder_version=&#8221;4.27.4&#8243; _module_preset=&#8221;default&#8221; global_colors_info=&#8221;{}&#8221;][et_pb_image src=&#8221;https:\/\/csstecaprint.com\/wp-content\/uploads\/2025\/09\/TPX_302_D3.jpg&#8221; title_text=&#8221;TPX_302_D3&#8243; align=&#8221;center&#8221; _builder_version=&#8221;4.27.4&#8243; _module_preset=&#8221;default&#8221; hover_enabled=&#8221;0&#8243; global_colors_info=&#8221;{}&#8221; sticky_enabled=&#8221;0&#8243;][\/et_pb_image][et_pb_text _builder_version=&#8221;4.27.4&#8243; _module_preset=&#8221;default&#8221; global_colors_info=&#8221;{}&#8221;]<\/p>\n<p>Il TPX 302 offre eccellenti possibilit\u00e0 di integrazione nei sistemi. L&#8217;immagine di stampa lunga pu\u00f2 essere applicata anche su un oggetto rotondo che ruota attorno al proprio asse durante la stampa.<\/p>\n<p>[\/et_pb_text][\/et_pb_column][\/et_pb_row][et_pb_row admin_label=&#8221;Dati tecnici&#8221; _builder_version=&#8221;4.27.4&#8243; _module_preset=&#8221;default&#8221; z_index=&#8221;0&#8243; global_colors_info=&#8221;{}&#8221;][et_pb_column type=&#8221;4_4&#8243; _builder_version=&#8221;4.27.4&#8243; _module_preset=&#8221;default&#8221; global_colors_info=&#8221;{}&#8221;][et_pb_text _builder_version=&#8221;4.27.4&#8243; _module_preset=&#8221;default&#8221; text_font_size=&#8221;18px&#8221; background_color=&#8221;#FFFFFF&#8221; text_orientation=&#8221;center&#8221; hover_enabled=&#8221;0&#8243; global_colors_info=&#8221;{}&#8221; sticky_enabled=&#8221;0&#8243;]<\/p>\n<p><strong>DATI TECNICI<\/strong><\/p>\n<p><strong>Numero di colori:<\/strong><br \/>1 o 2 colori<\/p>\n<p><strong>Dimensioni dei calamaio:<\/strong><br \/>\u00d8 in mm: 56 \/ 65 \/ 72 \/ 86 \/ 96 \/ 105 \/ 115 \/ 130<\/p>\n<p><strong>Dimensioni delle lastre:<\/strong><br \/>larghezze standard delle lastre: 450 \/ 600 mm<br \/>profondit\u00e0 standard delle lastre: 100 \/ 150 mm<\/p>\n<p><strong>Produzione:<\/strong><br \/>fino a 1.400 cicli all&#8217;ora<\/p>\n<p><strong>Sistema di azionamento:<\/strong><br \/>elettromeccanico (controllo a 3 assi con 3 servomotori), parametri regolabili in modo continuo<\/p>\n<p><strong>Forza di stampa:<\/strong><br \/>4000 N (la forza di stampa deve essere bilanciata)<\/p>\n<p><strong>Allacciamento alla rete elettrica:<\/strong><br \/>230 V \/ 50 Hz, pressione dell&#8217;aria richiesta 5 \u2013 6 bar per alcuni accessori pneumatici<\/p>\n<p><strong>Controllo:<\/strong><br \/>PLC \u2013 touchscreen HMI<\/p>\n<p><strong>Corsa verticale del tampone:<\/strong><br \/>elettromeccanica, 160 mm regolabile in continuo<\/p>\n<p><strong>Regolazione della lastra clich\u00e9:<\/strong><br \/>\u00b1 4 mm (asse x), \u00b1 2\u00b0 (rotazione)<\/p>\n<p><strong>Peso:<\/strong><br \/>circa 220 kg senza base, circa 400 kg con base macchina MS 352<\/p>\n<p><strong>Dimensioni (LxAxP):<\/strong><br \/>1112 x 912 x 1244 mm (dimensioni senza base)<\/p>\n<div class=\"vc_col-sm-3 wpb_column column_container vc_column_container col no-extra-padding inherit_tablet inherit_phone one-fourths clear-both\" data-padding-pos=\"all\" data-has-bg-color=\"false\" data-bg-color=\"\" data-bg-opacity=\"1\" data-animation=\"\" data-delay=\"0\">\n<div class=\"vc_column-inner\">\n<div class=\"wpb_wrapper\">\n<div class=\"wpb_text_column wpb_content_element \">\n<div class=\"wpb_wrapper\">\n<p>\u200b<\/p>\n<\/div>\n<\/div>\n<\/div>\n<\/div>\n<\/div>\n<p>[\/et_pb_text][et_pb_image src=&#8221;https:\/\/csstecaprint.com\/wp-content\/uploads\/2025\/09\/TPX_302_Schema.jpg&#8221; title_text=&#8221;TPX_302_Schema&#8221; force_fullwidth=&#8221;on&#8221; _builder_version=&#8221;4.27.4&#8243; _module_preset=&#8221;default&#8221; z_index=&#8221;-499&#8243; hover_enabled=&#8221;0&#8243; global_colors_info=&#8221;{}&#8221; sticky_enabled=&#8221;0&#8243;][\/et_pb_image][\/et_pb_column][\/et_pb_row][et_pb_row admin_label=&#8221;Dati tecnici&#8221; _builder_version=&#8221;4.27.4&#8243; _module_preset=&#8221;default&#8221; z_index=&#8221;0&#8243; global_colors_info=&#8221;{}&#8221;][et_pb_column type=&#8221;4_4&#8243; _builder_version=&#8221;4.27.4&#8243; _module_preset=&#8221;default&#8221; global_colors_info=&#8221;{}&#8221;][et_pb_button button_url=&#8221;https:\/\/csstecaprint.com\/wp-content\/uploads\/2025\/03\/TestPDF.pdf&#8221; url_new_window=&#8221;on&#8221; button_text=&#8221;Scarica Documentazione PDF&#8221; button_alignment=&#8221;center&#8221; _builder_version=&#8221;4.27.4&#8243; _module_preset=&#8221;default&#8221; custom_button=&#8221;on&#8221; button_text_color=&#8221;#E02B20&#8243; button_bg_color=&#8221;#FFFFFF&#8221; global_colors_info=&#8221;{}&#8221;][\/et_pb_button][\/et_pb_column][\/et_pb_row][\/et_pb_section]<\/p>\n","protected":false},"excerpt":{"rendered":"<p>TPX 302 Con movimento laterale della tazza \u2013 ideale per immagini stampate allungate. Caratteristiche 1 o 2 colori possibili particolarmente adatta per immagini di stampa allungatemassima flessibilit\u00e0 controllo servoassistito sistema di inchiostrazione sigillato con scorrimento laterale della vaschetta dell&#8217;inchiostro ampia gamma di dispositivi periferici, accessori e opzioni software disponibili La macchina tampografica TPX 302 con [&hellip;]<\/p>\n","protected":false},"author":1,"featured_media":0,"parent":371,"menu_order":30,"comment_status":"closed","ping_status":"closed","template":"","meta":{"_et_pb_use_builder":"on","_et_pb_old_content":"","_et_gb_content_width":"","footnotes":""},"class_list":["post-382","page","type-page","status-publish","hentry"],"_links":{"self":[{"href":"https:\/\/csstecaprint.com\/index.php?rest_route=\/wp\/v2\/pages\/382","targetHints":{"allow":["GET"]}}],"collection":[{"href":"https:\/\/csstecaprint.com\/index.php?rest_route=\/wp\/v2\/pages"}],"about":[{"href":"https:\/\/csstecaprint.com\/index.php?rest_route=\/wp\/v2\/types\/page"}],"author":[{"embeddable":true,"href":"https:\/\/csstecaprint.com\/index.php?rest_route=\/wp\/v2\/users\/1"}],"replies":[{"embeddable":true,"href":"https:\/\/csstecaprint.com\/index.php?rest_route=%2Fwp%2Fv2%2Fcomments&post=382"}],"version-history":[{"count":4,"href":"https:\/\/csstecaprint.com\/index.php?rest_route=\/wp\/v2\/pages\/382\/revisions"}],"predecessor-version":[{"id":388,"href":"https:\/\/csstecaprint.com\/index.php?rest_route=\/wp\/v2\/pages\/382\/revisions\/388"}],"up":[{"embeddable":true,"href":"https:\/\/csstecaprint.com\/index.php?rest_route=\/wp\/v2\/pages\/371"}],"wp:attachment":[{"href":"https:\/\/csstecaprint.com\/index.php?rest_route=%2Fwp%2Fv2%2Fmedia&parent=382"}],"curies":[{"name":"wp","href":"https:\/\/api.w.org\/{rel}","templated":true}]}}